{"id":12437,"date":"2020-11-24T16:20:00","date_gmt":"2020-11-24T14:20:00","guid":{"rendered":"https:\/\/imageskincare.ee\/kontakt\/"},"modified":"2024-01-24T15:10:35","modified_gmt":"2024-01-24T13:10:35","slug":"contact","status":"publish","type":"page","link":"https:\/\/imageskincare.ee\/ru\/contact\/","title":{"rendered":"\u041a\u041e\u041d\u0422\u0410\u041a\u0422"},"content":{"rendered":"\t\t<div data-elementor-type=\"wp-page\" data-elementor-id=\"12437\" class=\"elementor elementor-12437 elementor-10440\" data-elementor-post-type=\"page\">\n\t\t\t\t<div class=\"elementor-element elementor-element-f646d69 e-con-full e-flex e-con e-parent\" data-id=\"f646d69\" data-element_type=\"container\" data-e-type=\"container\">\n\t\t\t\t<div class=\"elementor-element elementor-element-83ae596 elementor-widget elementor-widget-google_maps\" data-id=\"83ae596\" data-element_type=\"widget\" data-e-type=\"widget\" data-widget_type=\"google_maps.default\">\n\t\t\t\t<div class=\"elementor-widget-container\">\n\t\t\t\t\t\t\t<div class=\"elementor-custom-embed\">\n\t\t\t<iframe loading=\"lazy\"\n\t\t\t\t\tsrc=\"https:\/\/maps.google.com\/maps?q=Ursum%20&#038;t=m&#038;z=14&#038;output=embed&#038;iwloc=near\"\n\t\t\t\t\ttitle=\"Ursum \"\n\t\t\t\t\taria-label=\"Ursum \"\n\t\t\t><\/iframe>\n\t\t<\/div>\n\t\t\t\t\t\t<\/div>\n\t\t\t\t<\/div>\n\t\t\t\t<\/div>\n\t\t<div class=\"elementor-element elementor-element-bbd937f e-flex e-con-boxed e-con e-parent\" data-id=\"bbd937f\" data-element_type=\"container\" data-e-type=\"container\">\n\t\t\t\t\t<div class=\"e-con-inner\">\n\t\t<div class=\"elementor-element elementor-element-09b82c6 e-con-full e-flex e-con e-child\" data-id=\"09b82c6\" data-element_type=\"container\" data-e-type=\"container\">\n\t\t\t\t<div class=\"elementor-element elementor-element-4d2191f elementor-widget elementor-widget-heading\" data-id=\"4d2191f\" data-element_type=\"widget\" data-e-type=\"widget\" data-widget_type=\"heading.default\">\n\t\t\t\t<div class=\"elementor-widget-container\">\n\t\t\t\t\t<h3 class=\"elementor-heading-title elementor-size-default\">\u0421\u0432\u044f\u0436\u0438\u0441\u044c \u0441 \u043d\u0430\u043c\u0438<\/h3>\t\t\t\t<\/div>\n\t\t\t\t<\/div>\n\t\t\t\t<div class=\"elementor-element elementor-element-32cc90e elementor-button-align-end elementor-mobile-button-align-center elementor-widget elementor-widget-form\" data-id=\"32cc90e\" data-element_type=\"widget\" data-e-type=\"widget\" data-settings=\"{&quot;step_next_label&quot;:&quot;Next&quot;,&quot;step_previous_label&quot;:&quot;Previous&quot;,&quot;button_width&quot;:&quot;100&quot;,&quot;step_type&quot;:&quot;number_text&quot;,&quot;step_icon_shape&quot;:&quot;circle&quot;}\" data-widget_type=\"form.default\">\n\t\t\t\t<div class=\"elementor-widget-container\">\n\t\t\t\t\t\t\t<form class=\"elementor-form\" method=\"post\" name=\"Elementor kontakt lehe vorm\" aria-label=\"Elementor kontakt lehe vorm\">\n\t\t\t<input type=\"hidden\" name=\"post_id\" value=\"12437\"\/>\n\t\t\t<input type=\"hidden\" name=\"form_id\" value=\"32cc90e\"\/>\n\t\t\t<input type=\"hidden\" name=\"referer_title\" value=\"\u041a\u041e\u041d\u0422\u0410\u041a\u0422 | Image Skincare Eesti - kosmeetikatooted\" \/>\n\n\t\t\t\t\t\t\t<input type=\"hidden\" name=\"queried_id\" value=\"12437\"\/>\n\t\t\t\n\t\t\t<div class=\"elementor-form-fields-wrapper elementor-labels-\">\n\t\t\t\t\t\t\t\t<div class=\"elementor-field-type-text elementor-field-group elementor-column elementor-field-group-name elementor-col-100 elementor-field-required\">\n\t\t\t\t\t\t\t\t\t\t\t\t<label for=\"form-field-name\" class=\"elementor-field-label elementor-screen-only\">\n\t\t\t\t\t\t\t\t\u0412\u0430\u0448\u0435 \u0438\u043c\u044f\t\t\t\t\t\t\t<\/label>\n\t\t\t\t\t\t\t\t\t\t\t\t\t\t<input size=\"1\" type=\"text\" name=\"form_fields[name]\" id=\"form-field-name\" class=\"elementor-field elementor-size-sm  elementor-field-textual\" placeholder=\"\u0412\u0430\u0448\u0435 \u0438\u043c\u044f*\" required=\"required\">\n\t\t\t\t\t\t\t\t\t\t\t<\/div>\n\t\t\t\t\t\t\t\t<div class=\"elementor-field-type-email elementor-field-group elementor-column elementor-field-group-email elementor-col-100 elementor-field-required\">\n\t\t\t\t\t\t\t\t\t\t\t\t<label for=\"form-field-email\" class=\"elementor-field-label elementor-screen-only\">\n\t\t\t\t\t\t\t\t\u042d\u043b\u0435\u043a\u0442\u0440\u043e\u043d\u043d\u0430\u044f \u043f\u043e\u0447\u0442\u0430\t\t\t\t\t\t\t<\/label>\n\t\t\t\t\t\t\t\t\t\t\t\t\t\t<input size=\"1\" type=\"email\" name=\"form_fields[email]\" id=\"form-field-email\" class=\"elementor-field elementor-size-sm  elementor-field-textual\" placeholder=\"\u042d\u043b\u0435\u043a\u0442\u0440\u043e\u043d\u043d\u0430\u044f \u043f\u043e\u0447\u0442\u0430*\" required=\"required\">\n\t\t\t\t\t\t\t\t\t\t\t<\/div>\n\t\t\t\t\t\t\t\t<div class=\"elementor-field-type-textarea elementor-field-group elementor-column elementor-field-group-message elementor-col-100\">\n\t\t\t\t\t\t\t\t\t\t\t\t<label for=\"form-field-message\" class=\"elementor-field-label elementor-screen-only\">\n\t\t\t\t\t\t\t\t\u0421\u043e\u0434\u0435\u0440\u0436\u0430\u043d\u0438\u0435 \u043f\u0438\u0441\u044c\u043c\u0430\t\t\t\t\t\t\t<\/label>\n\t\t\t\t\t\t<textarea class=\"elementor-field-textual elementor-field  elementor-size-sm\" name=\"form_fields[message]\" id=\"form-field-message\" rows=\"4\"><\/textarea>\t\t\t\t<\/div>\n\t\t\t\t\t\t\t\t<div class=\"elementor-field-group elementor-column elementor-field-type-submit elementor-col-100 e-form__buttons\">\n\t\t\t\t\t<button class=\"elementor-button elementor-size-sm elementor-animation-grow\" type=\"submit\">\n\t\t\t\t\t\t<span class=\"elementor-button-content-wrapper\">\n\t\t\t\t\t\t\t\t\t\t\t\t\t\t\t\t\t\t\t\t\t\t<span class=\"elementor-button-text\">\u041e\u0442\u043f\u0440\u0430\u0432\u044c<\/span>\n\t\t\t\t\t\t\t\t\t\t\t\t\t<\/span>\n\t\t\t\t\t<\/button>\n\t\t\t\t<\/div>\n\t\t\t<\/div>\n\t\t<\/form>\n\t\t\t\t\t\t<\/div>\n\t\t\t\t<\/div>\n\t\t\t\t<\/div>\n\t\t<div class=\"elementor-element elementor-element-3fd58a8 e-con-full e-flex e-con e-child\" data-id=\"3fd58a8\" data-element_type=\"container\" data-e-type=\"container\">\n\t\t\t\t<div class=\"elementor-element elementor-element-85e06d1 elementor-widget elementor-widget-heading\" data-id=\"85e06d1\" data-element_type=\"widget\" data-e-type=\"widget\" data-widget_type=\"heading.default\">\n\t\t\t\t<div class=\"elementor-widget-container\">\n\t\t\t\t\t<h4 class=\"elementor-heading-title elementor-size-default\">Ursum O\u00dc<\/h4>\t\t\t\t<\/div>\n\t\t\t\t<\/div>\n\t\t\t\t<div class=\"elementor-element elementor-element-b1f3581 elementor-widget elementor-widget-text-editor\" data-id=\"b1f3581\" data-element_type=\"widget\" data-e-type=\"widget\" data-widget_type=\"text-editor.default\">\n\t\t\t\t<div class=\"elementor-widget-container\">\n\t\t\t\t\t\t\t\t\t<p><strong>\u0410\u0434\u0440\u0435\u0441:<\/strong> Suur-S\u00f5jam\u00e4e 13a<\/p><p><strong>\u0422\u0435\u043b\u0435\u0444\u043e\u043d:<\/strong>\u00a0<a href=\"tel:3725224585\">+372 522 45 85<\/a><\/p><p><strong>\u042d\u043b\u0435\u043a\u0442\u0440\u043e\u043d\u043d\u0430\u044f \u043f\u043e\u0447\u0442\u0430:<\/strong> <a href=\"mailto:info@imageskincare.ee\">info@imageskincare.ee<\/a><\/p><p><strong>\u0420\u0435\u0433\u0438\u0441\u0442\u0440\u0430\u0446\u0438\u043e\u043d\u043d\u044b\u0439 \u043a\u043e\u0434:<\/strong> 16024712<\/p>\t\t\t\t\t\t\t\t<\/div>\n\t\t\t\t<\/div>\n\t\t\t\t<\/div>\n\t\t\t\t\t<\/div>\n\t\t\t\t<\/div>\n\t\t\t\t<\/div>\n\t\t","protected":false},"excerpt":{"rendered":"<p>\u0421\u0432\u044f\u0436\u0438\u0441\u044c \u0441 \u043d\u0430\u043c\u0438 Ursum O\u00dc \u0410\u0434\u0440\u0435\u0441: Suur-S\u00f5jam\u00e4e 13a \u0422\u0435\u043b\u0435\u0444\u043e\u043d:\u00a0+372 522 45 85 \u042d\u043b\u0435\u043a\u0442\u0440\u043e\u043d\u043d\u0430\u044f \u043f\u043e\u0447\u0442\u0430: info@imageskincare.ee \u0420\u0435\u0433\u0438\u0441\u0442\u0440\u0430\u0446\u0438\u043e\u043d\u043d\u044b\u0439 \u043a\u043e\u0434: 16024712<\/p>\n","protected":false},"author":12,"featured_media":12885,"parent":0,"menu_order":0,"comment_status":"closed","ping_status":"closed","template":"","meta":{"_acf_changed":false,"footnotes":""},"class_list":["post-12437","page","type-page","status-publish","has-post-thumbnail","hentry"],"blocksy_meta":{"styles_descriptor":{"styles":{"desktop":"","tablet":"","mobile":""},"google_fonts":[],"version":6}},"acf":[],"yoast_head":"<!-- This site is optimized with the Yoast SEO plugin v27.3 - https:\/\/yoast.com\/product\/yoast-seo-wordpress\/ -->\n<title>\u041a\u041e\u041d\u0422\u0410\u041a\u0422 | Image Skincare Eesti - kosmeetikatooted<\/title>\n<meta name=\"description\" content=\"Kui sul on k\u00fcsimusi toodete kasutamise osas v\u00f5i m\u00f5ni p\u00f5nev m\u00f5te koost\u00f6\u00f6 osas siis v\u00f5ta meiega kindlasti \u00fchendust!\" \/>\n<meta name=\"robots\" content=\"index, follow, max-snippet:-1, max-image-preview:large, max-video-preview:-1\" \/>\n<link rel=\"canonical\" href=\"https:\/\/imageskincare.ee\/ru\/contact\/\" \/>\n<meta property=\"og:locale\" content=\"ru_RU\" \/>\n<meta property=\"og:type\" content=\"article\" \/>\n<meta property=\"og:title\" content=\"\u041a\u041e\u041d\u0422\u0410\u041a\u0422 | Image Skincare Eesti - kosmeetikatooted\" \/>\n<meta property=\"og:description\" content=\"Kui sul on k\u00fcsimusi toodete kasutamise osas v\u00f5i m\u00f5ni p\u00f5nev m\u00f5te koost\u00f6\u00f6 osas siis v\u00f5ta meiega kindlasti \u00fchendust!\" \/>\n<meta property=\"og:url\" content=\"https:\/\/imageskincare.ee\/ru\/contact\/\" \/>\n<meta property=\"og:site_name\" content=\"Image Skincare Eesti - kosmeetikatooted\" \/>\n<meta property=\"article:publisher\" content=\"https:\/\/www.facebook.com\/imageskincareeesti\/\" \/>\n<meta property=\"article:modified_time\" content=\"2024-01-24T13:10:35+00:00\" \/>\n<meta property=\"og:image\" content=\"https:\/\/imageskincare.ee\/wp-content\/uploads\/2020\/10\/Image-Skincare-logo-no-bar-no-slogan-01.png\" \/>\n\t<meta property=\"og:image:width\" content=\"2560\" \/>\n\t<meta property=\"og:image:height\" content=\"1978\" \/>\n\t<meta property=\"og:image:type\" content=\"image\/png\" \/>\n<meta name=\"twitter:card\" content=\"summary_large_image\" \/>\n<meta name=\"twitter:label1\" content=\"Est. reading time\" \/>\n\t<meta name=\"twitter:data1\" content=\"1 minute\" \/>\n<script type=\"application\/ld+json\" class=\"yoast-schema-graph\">{\"@context\":\"https:\\\/\\\/schema.org\",\"@graph\":[{\"@type\":\"WebPage\",\"@id\":\"https:\\\/\\\/imageskincare.ee\\\/ru\\\/contact\\\/\",\"url\":\"https:\\\/\\\/imageskincare.ee\\\/ru\\\/contact\\\/\",\"name\":\"\u041a\u041e\u041d\u0422\u0410\u041a\u0422 | Image Skincare Eesti - kosmeetikatooted\",\"isPartOf\":{\"@id\":\"https:\\\/\\\/imageskincare.ee\\\/#website\"},\"primaryImageOfPage\":{\"@id\":\"https:\\\/\\\/imageskincare.ee\\\/ru\\\/contact\\\/#primaryimage\"},\"image\":{\"@id\":\"https:\\\/\\\/imageskincare.ee\\\/ru\\\/contact\\\/#primaryimage\"},\"thumbnailUrl\":\"https:\\\/\\\/imageskincare.ee\\\/wp-content\\\/uploads\\\/2020\\\/08\\\/1logo-siteheaderisse2-e1600257653244.png\",\"datePublished\":\"2020-11-24T14:20:00+00:00\",\"dateModified\":\"2024-01-24T13:10:35+00:00\",\"description\":\"Kui sul on k\u00fcsimusi toodete kasutamise osas v\u00f5i m\u00f5ni p\u00f5nev m\u00f5te koost\u00f6\u00f6 osas siis v\u00f5ta meiega kindlasti \u00fchendust!\",\"breadcrumb\":{\"@id\":\"https:\\\/\\\/imageskincare.ee\\\/ru\\\/contact\\\/#breadcrumb\"},\"inLanguage\":\"ru-RU\",\"potentialAction\":[{\"@type\":\"ReadAction\",\"target\":[\"https:\\\/\\\/imageskincare.ee\\\/ru\\\/contact\\\/\"]}]},{\"@type\":\"ImageObject\",\"inLanguage\":\"ru-RU\",\"@id\":\"https:\\\/\\\/imageskincare.ee\\\/ru\\\/contact\\\/#primaryimage\",\"url\":\"https:\\\/\\\/imageskincare.ee\\\/wp-content\\\/uploads\\\/2020\\\/08\\\/1logo-siteheaderisse2-e1600257653244.png\",\"contentUrl\":\"https:\\\/\\\/imageskincare.ee\\\/wp-content\\\/uploads\\\/2020\\\/08\\\/1logo-siteheaderisse2-e1600257653244.png\",\"width\":35,\"height\":35},{\"@type\":\"BreadcrumbList\",\"@id\":\"https:\\\/\\\/imageskincare.ee\\\/ru\\\/contact\\\/#breadcrumb\",\"itemListElement\":[{\"@type\":\"ListItem\",\"position\":1,\"name\":\"Home\",\"item\":\"https:\\\/\\\/imageskincare.ee\\\/ru\\\/avaleht\\\/\"},{\"@type\":\"ListItem\",\"position\":2,\"name\":\"\u041a\u041e\u041d\u0422\u0410\u041a\u0422\"}]},{\"@type\":\"WebSite\",\"@id\":\"https:\\\/\\\/imageskincare.ee\\\/#website\",\"url\":\"https:\\\/\\\/imageskincare.ee\\\/\",\"name\":\"Image Skincare Eesti - kosmeetikatooted\",\"description\":\"N&auml;ohooldustooted igale nahat&uuml;&uuml;bile!\",\"publisher\":{\"@id\":\"https:\\\/\\\/imageskincare.ee\\\/#organization\"},\"potentialAction\":[{\"@type\":\"SearchAction\",\"target\":{\"@type\":\"EntryPoint\",\"urlTemplate\":\"https:\\\/\\\/imageskincare.ee\\\/?s={search_term_string}\"},\"query-input\":{\"@type\":\"PropertyValueSpecification\",\"valueRequired\":true,\"valueName\":\"search_term_string\"}}],\"inLanguage\":\"ru-RU\"},{\"@type\":\"Organization\",\"@id\":\"https:\\\/\\\/imageskincare.ee\\\/#organization\",\"name\":\"Image Skincare Eesti\",\"url\":\"https:\\\/\\\/imageskincare.ee\\\/\",\"logo\":{\"@type\":\"ImageObject\",\"inLanguage\":\"ru-RU\",\"@id\":\"https:\\\/\\\/imageskincare.ee\\\/#\\\/schema\\\/logo\\\/image\\\/\",\"url\":\"https:\\\/\\\/imageskincare.ee\\\/wp-content\\\/uploads\\\/2020\\\/10\\\/Image-Skincare-logo-500x3...png\",\"contentUrl\":\"https:\\\/\\\/imageskincare.ee\\\/wp-content\\\/uploads\\\/2020\\\/10\\\/Image-Skincare-logo-500x3...png\",\"width\":500,\"height\":386,\"caption\":\"Image Skincare Eesti\"},\"image\":{\"@id\":\"https:\\\/\\\/imageskincare.ee\\\/#\\\/schema\\\/logo\\\/image\\\/\"},\"sameAs\":[\"https:\\\/\\\/www.facebook.com\\\/imageskincareeesti\\\/\"]}]}<\/script>\n<!-- \/ Yoast SEO plugin. -->","yoast_head_json":{"title":"\u041a\u041e\u041d\u0422\u0410\u041a\u0422 | Image Skincare Eesti - kosmeetikatooted","description":"Kui sul on k\u00fcsimusi toodete kasutamise osas v\u00f5i m\u00f5ni p\u00f5nev m\u00f5te koost\u00f6\u00f6 osas siis v\u00f5ta meiega kindlasti \u00fchendust!","robots":{"index":"index","follow":"follow","max-snippet":"max-snippet:-1","max-image-preview":"max-image-preview:large","max-video-preview":"max-video-preview:-1"},"canonical":"https:\/\/imageskincare.ee\/ru\/contact\/","og_locale":"ru_RU","og_type":"article","og_title":"\u041a\u041e\u041d\u0422\u0410\u041a\u0422 | Image Skincare Eesti - kosmeetikatooted","og_description":"Kui sul on k\u00fcsimusi toodete kasutamise osas v\u00f5i m\u00f5ni p\u00f5nev m\u00f5te koost\u00f6\u00f6 osas siis v\u00f5ta meiega kindlasti \u00fchendust!","og_url":"https:\/\/imageskincare.ee\/ru\/contact\/","og_site_name":"Image Skincare Eesti - kosmeetikatooted","article_publisher":"https:\/\/www.facebook.com\/imageskincareeesti\/","article_modified_time":"2024-01-24T13:10:35+00:00","og_image":[{"width":2560,"height":1978,"url":"https:\/\/imageskincare.ee\/wp-content\/uploads\/2020\/10\/Image-Skincare-logo-no-bar-no-slogan-01.png","type":"image\/png"}],"twitter_card":"summary_large_image","twitter_misc":{"Est. reading time":"1 minute"},"schema":{"@context":"https:\/\/schema.org","@graph":[{"@type":"WebPage","@id":"https:\/\/imageskincare.ee\/ru\/contact\/","url":"https:\/\/imageskincare.ee\/ru\/contact\/","name":"\u041a\u041e\u041d\u0422\u0410\u041a\u0422 | Image Skincare Eesti - kosmeetikatooted","isPartOf":{"@id":"https:\/\/imageskincare.ee\/#website"},"primaryImageOfPage":{"@id":"https:\/\/imageskincare.ee\/ru\/contact\/#primaryimage"},"image":{"@id":"https:\/\/imageskincare.ee\/ru\/contact\/#primaryimage"},"thumbnailUrl":"https:\/\/imageskincare.ee\/wp-content\/uploads\/2020\/08\/1logo-siteheaderisse2-e1600257653244.png","datePublished":"2020-11-24T14:20:00+00:00","dateModified":"2024-01-24T13:10:35+00:00","description":"Kui sul on k\u00fcsimusi toodete kasutamise osas v\u00f5i m\u00f5ni p\u00f5nev m\u00f5te koost\u00f6\u00f6 osas siis v\u00f5ta meiega kindlasti \u00fchendust!","breadcrumb":{"@id":"https:\/\/imageskincare.ee\/ru\/contact\/#breadcrumb"},"inLanguage":"ru-RU","potentialAction":[{"@type":"ReadAction","target":["https:\/\/imageskincare.ee\/ru\/contact\/"]}]},{"@type":"ImageObject","inLanguage":"ru-RU","@id":"https:\/\/imageskincare.ee\/ru\/contact\/#primaryimage","url":"https:\/\/imageskincare.ee\/wp-content\/uploads\/2020\/08\/1logo-siteheaderisse2-e1600257653244.png","contentUrl":"https:\/\/imageskincare.ee\/wp-content\/uploads\/2020\/08\/1logo-siteheaderisse2-e1600257653244.png","width":35,"height":35},{"@type":"BreadcrumbList","@id":"https:\/\/imageskincare.ee\/ru\/contact\/#breadcrumb","itemListElement":[{"@type":"ListItem","position":1,"name":"Home","item":"https:\/\/imageskincare.ee\/ru\/avaleht\/"},{"@type":"ListItem","position":2,"name":"\u041a\u041e\u041d\u0422\u0410\u041a\u0422"}]},{"@type":"WebSite","@id":"https:\/\/imageskincare.ee\/#website","url":"https:\/\/imageskincare.ee\/","name":"Image Skincare Eesti - kosmeetikatooted","description":"N&auml;ohooldustooted igale nahat&uuml;&uuml;bile!","publisher":{"@id":"https:\/\/imageskincare.ee\/#organization"},"potentialAction":[{"@type":"SearchAction","target":{"@type":"EntryPoint","urlTemplate":"https:\/\/imageskincare.ee\/?s={search_term_string}"},"query-input":{"@type":"PropertyValueSpecification","valueRequired":true,"valueName":"search_term_string"}}],"inLanguage":"ru-RU"},{"@type":"Organization","@id":"https:\/\/imageskincare.ee\/#organization","name":"Image Skincare Eesti","url":"https:\/\/imageskincare.ee\/","logo":{"@type":"ImageObject","inLanguage":"ru-RU","@id":"https:\/\/imageskincare.ee\/#\/schema\/logo\/image\/","url":"https:\/\/imageskincare.ee\/wp-content\/uploads\/2020\/10\/Image-Skincare-logo-500x3...png","contentUrl":"https:\/\/imageskincare.ee\/wp-content\/uploads\/2020\/10\/Image-Skincare-logo-500x3...png","width":500,"height":386,"caption":"Image Skincare Eesti"},"image":{"@id":"https:\/\/imageskincare.ee\/#\/schema\/logo\/image\/"},"sameAs":["https:\/\/www.facebook.com\/imageskincareeesti\/"]}]}},"_links":{"self":[{"href":"https:\/\/imageskincare.ee\/ru\/wp-json\/wp\/v2\/pages\/12437","targetHints":{"allow":["GET"]}}],"collection":[{"href":"https:\/\/imageskincare.ee\/ru\/wp-json\/wp\/v2\/pages"}],"about":[{"href":"https:\/\/imageskincare.ee\/ru\/wp-json\/wp\/v2\/types\/page"}],"author":[{"embeddable":true,"href":"https:\/\/imageskincare.ee\/ru\/wp-json\/wp\/v2\/users\/12"}],"replies":[{"embeddable":true,"href":"https:\/\/imageskincare.ee\/ru\/wp-json\/wp\/v2\/comments?post=12437"}],"version-history":[{"count":5,"href":"https:\/\/imageskincare.ee\/ru\/wp-json\/wp\/v2\/pages\/12437\/revisions"}],"predecessor-version":[{"id":34538,"href":"https:\/\/imageskincare.ee\/ru\/wp-json\/wp\/v2\/pages\/12437\/revisions\/34538"}],"wp:featuredmedia":[{"embeddable":true,"href":"https:\/\/imageskincare.ee\/ru\/wp-json\/wp\/v2\/media\/12885"}],"wp:attachment":[{"href":"https:\/\/imageskincare.ee\/ru\/wp-json\/wp\/v2\/media?parent=12437"}],"curies":[{"name":"wp","href":"https:\/\/api.w.org\/{rel}","templated":true}]}}