{"id":40733,"date":"2024-11-06T14:13:40","date_gmt":"2024-11-06T12:13:40","guid":{"rendered":"https:\/\/imageskincare.ee\/toode\/%d0%bc%d0%b0%d1%81%d0%ba%d0%b8-%d0%b4%d0%bb%d1%8f-%d0%b3%d0%bb%d0%b0%d0%b7-md\/"},"modified":"2026-04-07T10:27:36","modified_gmt":"2026-04-07T07:27:36","slug":"%d0%bc%d0%b0%d1%81%d0%ba%d0%b8-%d0%b4%d0%bb%d1%8f-%d0%b3%d0%bb%d0%b0%d0%b7-md","status":"publish","type":"product","link":"https:\/\/imageskincare.ee\/ru\/product\/%d0%bc%d0%b0%d1%81%d0%ba%d0%b8-%d0%b4%d0%bb%d1%8f-%d0%b3%d0%bb%d0%b0%d0%b7-md\/","title":{"rendered":"\u041c\u0430\u0441\u043a\u0438 \u0434\u043b\u044f \u0433\u043b\u0430\u0437 MD"},"content":{"rendered":"","protected":false},"excerpt":{"rendered":"<p>\u0423\u0441\u043f\u043e\u043a\u0430\u0438\u0432\u0430\u044e\u0449\u0438\u0435, \u0443\u0432\u043b\u0430\u0436\u043d\u044f\u044e\u0449\u0438\u0435 \u0438 \u0443\u043a\u0440\u0435\u043f\u043b\u044f\u044e\u0449\u0438\u0435 \u043c\u0430\u0441\u043a\u0438 \u0434\u043b\u044f \u0433\u043b\u0430\u0437 \u043f\u0440\u0435\u0434\u043d\u0430\u0437\u043d\u0430\u0447\u0435\u043d\u044b \u0434\u043b\u044f \u043f\u0440\u0435\u0434\u043e\u0442\u0432\u0440\u0430\u0449\u0435\u043d\u0438\u044f \u0438 \u043a\u043e\u0440\u0440\u0435\u043a\u0446\u0438\u0438 \u043f\u0440\u0438\u0437\u043d\u0430\u043a\u043e\u0432 \u0441\u0442\u0430\u0440\u0435\u043d\u0438\u044f \u043d\u0435\u0436\u043d\u043e\u0439 \u043a\u043e\u0436\u0438 \u0432\u043e\u043a\u0440\u0443\u0433 \u0433\u043b\u0430\u0437.<\/p>\n<p>\u041c\u0430\u0441\u043a\u0438 \u0434\u043b\u044f \u0433\u043b\u0430\u0437 MD \u0438\u0434\u0435\u0430\u043b\u044c\u043d\u043e \u043f\u043e\u0434\u0445\u043e\u0434\u044f\u0442 \u0434\u043b\u044f \u0438\u0441\u043f\u043e\u043b\u044c\u0437\u043e\u0432\u0430\u043d\u0438\u044f \u0443\u0442\u0440\u043e\u043c, \u0447\u0442\u043e\u0431\u044b \u0441\u043d\u044f\u0442\u044c \u043f\u0440\u0438\u0437\u043d\u0430\u043a\u0438 \u0443\u0441\u0442\u0430\u043b\u043e\u0441\u0442\u0438, \u0438\u043b\u0438 \u0432\u0435\u0447\u0435\u0440\u043e\u043c \u043f\u0435\u0440\u0435\u0434 \u0432\u0430\u0436\u043d\u044b\u043c \u0441\u043e\u0431\u044b\u0442\u0438\u0435\u043c, \u0447\u0442\u043e\u0431\u044b \u043e\u0441\u0432\u0435\u0436\u0438\u0442\u044c \u043a\u043e\u0436\u0443 \u0432\u043e\u043a\u0440\u0443\u0433 \u0433\u043b\u0430\u0437.<\/p>\n<p>\u041c\u0430\u0441\u043a\u0438 \u043d\u0435 \u0441\u043e\u0441\u043a\u0430\u043b\u044c\u0437\u044b\u0432\u0430\u044e\u0442 \u0434\u043b\u044f \u0433\u043b\u0430\u0437 \u0443\u0434\u0435\u0440\u0436\u0438\u0432\u0430\u0435\u0442 \u0438\u0445 \u043d\u0430 \u043c\u0435\u0441\u0442\u0435 \u0438 \u043d\u0435 \u043c\u0435\u0448\u0430\u0435\u0442 \u0434\u0440\u0443\u0433\u0438\u043c \u0437\u0430\u043d\u044f\u0442\u0438\u044f\u043c.<\/p>\n<ul>\n<li>\u0430\u043b\u043e\u044d \u0432\u0435\u0440\u0430 \u0438 \u043a\u043e\u0444\u0435\u0438\u043d \u043f\u0440\u043e\u0431\u0443\u0436\u0434\u0430\u044e\u0442 \u043a\u043e\u0436\u0443 \u0438 \u0432\u043e\u0437\u0432\u0440\u0430\u0449\u0430\u044e\u0442 \u0435\u0439 \u0441\u0438\u044f\u043d\u0438\u0435<\/li>\n<li>\u0430\u043d\u0442\u0438\u043e\u043a\u0441\u0438\u0434\u0430\u043d\u0442\u044b \u0438 \u0442\u0435\u0442\u0440\u0430\u043f\u0435\u043f\u0442\u0438\u0434\u044b \u0431\u043e\u0440\u044e\u0442\u0441\u044f \u0441 \u043e\u0442\u0435\u043a\u0430\u043c\u0438 \u0438 \u043c\u043e\u0440\u0449\u0438\u043d\u0430\u043c\u0438<\/li>\n<li>\u043a\u043e\u043c\u043f\u043b\u0435\u043a\u0441 \u0438\u0437 \u0442\u0440\u0435\u0445 \u0433\u0438\u0430\u043b\u0443\u0440\u043e\u043d\u043e\u0432\u044b\u0445 \u043a\u0438\u0441\u043b\u043e\u0442 \u0440\u0430\u0437\u0433\u043b\u0430\u0436\u0438\u0432\u0430\u0435\u0442, \u0441\u043c\u044f\u0433\u0447\u0430\u0435\u0442 \u0438 \u0443\u0432\u043b\u0430\u0436\u043d\u044f\u0435\u0442 \u043d\u0435\u0436\u043d\u0443\u044e \u043a\u043e\u0436\u0443 \u0432\u043e\u043a\u0440\u0443\u0433 \u0433\u043b\u0430\u0437<\/li>\n<li>\u0440\u043e\u0437\u043c\u0430\u0440\u0438\u043d \u0443\u043c\u0435\u043d\u044c\u0448\u0430\u0435\u0442 \u043e\u0442\u0435\u0447\u043d\u043e\u0441\u0442\u044c \u0438 \u0434\u0435\u043b\u0430\u0435\u0442 \u043a\u043e\u0436\u0443 \u0431\u043e\u043b\u0435\u0435 \u044d\u043b\u0430\u0441\u0442\u0438\u0447\u043d\u043e\u0439<\/li>\n<\/ul>\n","protected":false},"featured_media":40726,"comment_status":"closed","ping_status":"closed","template":"","meta":{"_acf_changed":false},"product_brand":[],"product_cat":[598,790,608,805],"product_tag":[],"class_list":{"0":"post-40733","1":"product","2":"type-product","3":"status-publish","4":"has-post-thumbnail","6":"product_cat-md","7":"product_cat-790","8":"product_cat-masks","9":"product_cat-805","11":"first","12":"instock","13":"taxable","14":"shipping-taxable","15":"purchasable","16":"product-type-simple"},"acf":[],"yoast_head":"<!-- This site is optimized with the Yoast SEO plugin v27.3 - https:\/\/yoast.com\/product\/yoast-seo-wordpress\/ -->\n<title>\u041c\u0430\u0441\u043a\u0438 \u0434\u043b\u044f \u0433\u043b\u0430\u0437 MD | Image Skincare Eesti - kosmeetikatooted<\/title>\n<meta name=\"description\" content=\"Rahustavad, niisutavad ja pinguldavad MD silmamaskid, mis on loodud ennetama ja korrigeerima vananemise m\u00e4rke silma\u00fcmbruse \u00f5rnal nahal.\" \/>\n<meta name=\"robots\" content=\"index, follow, max-snippet:-1, max-image-preview:large, max-video-preview:-1\" \/>\n<link rel=\"canonical\" href=\"https:\/\/imageskincare.ee\/ru\/product\/\u043c\u0430\u0441\u043a\u0438-\u0434\u043b\u044f-\u0433\u043b\u0430\u0437-md\/\" \/>\n<meta property=\"og:locale\" content=\"ru_RU\" \/>\n<meta property=\"og:type\" content=\"article\" \/>\n<meta property=\"og:title\" content=\"\u041c\u0430\u0441\u043a\u0438 \u0434\u043b\u044f \u0433\u043b\u0430\u0437 MD | Image Skincare Eesti - kosmeetikatooted\" \/>\n<meta property=\"og:description\" content=\"Rahustavad, niisutavad ja pinguldavad MD silmamaskid, mis on loodud ennetama ja korrigeerima vananemise m\u00e4rke silma\u00fcmbruse \u00f5rnal nahal.\" \/>\n<meta property=\"og:url\" content=\"https:\/\/imageskincare.ee\/ru\/product\/\u043c\u0430\u0441\u043a\u0438-\u0434\u043b\u044f-\u0433\u043b\u0430\u0437-md\/\" \/>\n<meta property=\"og:site_name\" content=\"Image Skincare Eesti - kosmeetikatooted\" \/>\n<meta property=\"article:publisher\" content=\"https:\/\/www.facebook.com\/imageskincareeesti\/\" \/>\n<meta property=\"article:modified_time\" content=\"2026-04-07T07:27:36+00:00\" \/>\n<meta property=\"og:image\" content=\"https:\/\/imageskincare.ee\/wp-content\/uploads\/2024\/11\/image-skincare-md-silmamaskid.jpg\" \/>\n\t<meta property=\"og:image:width\" content=\"1000\" \/>\n\t<meta property=\"og:image:height\" content=\"1000\" \/>\n\t<meta property=\"og:image:type\" content=\"image\/jpeg\" \/>\n<meta name=\"twitter:card\" content=\"summary_large_image\" \/>\n<meta name=\"twitter:label1\" content=\"Est. reading time\" \/>\n\t<meta name=\"twitter:data1\" content=\"1 minute\" \/>\n<script type=\"application\/ld+json\" class=\"yoast-schema-graph\">{\"@context\":\"https:\\\/\\\/schema.org\",\"@graph\":[{\"@type\":\"WebPage\",\"@id\":\"https:\\\/\\\/imageskincare.ee\\\/ru\\\/product\\\/%d0%bc%d0%b0%d1%81%d0%ba%d0%b8-%d0%b4%d0%bb%d1%8f-%d0%b3%d0%bb%d0%b0%d0%b7-md\\\/\",\"url\":\"https:\\\/\\\/imageskincare.ee\\\/ru\\\/product\\\/%d0%bc%d0%b0%d1%81%d0%ba%d0%b8-%d0%b4%d0%bb%d1%8f-%d0%b3%d0%bb%d0%b0%d0%b7-md\\\/\",\"name\":\"\u041c\u0430\u0441\u043a\u0438 \u0434\u043b\u044f \u0433\u043b\u0430\u0437 MD | Image Skincare Eesti - kosmeetikatooted\",\"isPartOf\":{\"@id\":\"https:\\\/\\\/imageskincare.ee\\\/#website\"},\"primaryImageOfPage\":{\"@id\":\"https:\\\/\\\/imageskincare.ee\\\/ru\\\/product\\\/%d0%bc%d0%b0%d1%81%d0%ba%d0%b8-%d0%b4%d0%bb%d1%8f-%d0%b3%d0%bb%d0%b0%d0%b7-md\\\/#primaryimage\"},\"image\":{\"@id\":\"https:\\\/\\\/imageskincare.ee\\\/ru\\\/product\\\/%d0%bc%d0%b0%d1%81%d0%ba%d0%b8-%d0%b4%d0%bb%d1%8f-%d0%b3%d0%bb%d0%b0%d0%b7-md\\\/#primaryimage\"},\"thumbnailUrl\":\"https:\\\/\\\/imageskincare.ee\\\/wp-content\\\/uploads\\\/2024\\\/11\\\/image-skincare-md-silmamaskid.jpg\",\"datePublished\":\"2024-11-06T12:13:40+00:00\",\"dateModified\":\"2026-04-07T07:27:36+00:00\",\"description\":\"Rahustavad, niisutavad ja pinguldavad MD silmamaskid, mis on loodud ennetama ja korrigeerima vananemise m\u00e4rke silma\u00fcmbruse \u00f5rnal nahal.\",\"breadcrumb\":{\"@id\":\"https:\\\/\\\/imageskincare.ee\\\/ru\\\/product\\\/%d0%bc%d0%b0%d1%81%d0%ba%d0%b8-%d0%b4%d0%bb%d1%8f-%d0%b3%d0%bb%d0%b0%d0%b7-md\\\/#breadcrumb\"},\"inLanguage\":\"ru-RU\",\"potentialAction\":[{\"@type\":\"ReadAction\",\"target\":[\"https:\\\/\\\/imageskincare.ee\\\/ru\\\/product\\\/%d0%bc%d0%b0%d1%81%d0%ba%d0%b8-%d0%b4%d0%bb%d1%8f-%d0%b3%d0%bb%d0%b0%d0%b7-md\\\/\"]}]},{\"@type\":\"ImageObject\",\"inLanguage\":\"ru-RU\",\"@id\":\"https:\\\/\\\/imageskincare.ee\\\/ru\\\/product\\\/%d0%bc%d0%b0%d1%81%d0%ba%d0%b8-%d0%b4%d0%bb%d1%8f-%d0%b3%d0%bb%d0%b0%d0%b7-md\\\/#primaryimage\",\"url\":\"https:\\\/\\\/imageskincare.ee\\\/wp-content\\\/uploads\\\/2024\\\/11\\\/image-skincare-md-silmamaskid.jpg\",\"contentUrl\":\"https:\\\/\\\/imageskincare.ee\\\/wp-content\\\/uploads\\\/2024\\\/11\\\/image-skincare-md-silmamaskid.jpg\",\"width\":1000,\"height\":1000},{\"@type\":\"BreadcrumbList\",\"@id\":\"https:\\\/\\\/imageskincare.ee\\\/ru\\\/product\\\/%d0%bc%d0%b0%d1%81%d0%ba%d0%b8-%d0%b4%d0%bb%d1%8f-%d0%b3%d0%bb%d0%b0%d0%b7-md\\\/#breadcrumb\",\"itemListElement\":[{\"@type\":\"ListItem\",\"position\":1,\"name\":\"Home\",\"item\":\"https:\\\/\\\/imageskincare.ee\\\/ru\\\/avaleht\\\/\"},{\"@type\":\"ListItem\",\"position\":2,\"name\":\"\u041c\u0430\u0433\u0430\u0437\u0438\u043d\",\"item\":\"https:\\\/\\\/imageskincare.ee\\\/ru\\\/shop\\\/\"},{\"@type\":\"ListItem\",\"position\":3,\"name\":\"\u041c\u0430\u0441\u043a\u0438 \u0434\u043b\u044f \u0433\u043b\u0430\u0437 MD\"}]},{\"@type\":\"WebSite\",\"@id\":\"https:\\\/\\\/imageskincare.ee\\\/#website\",\"url\":\"https:\\\/\\\/imageskincare.ee\\\/\",\"name\":\"Image Skincare Eesti - kosmeetikatooted\",\"description\":\"N&auml;ohooldustooted igale nahat&uuml;&uuml;bile!\",\"publisher\":{\"@id\":\"https:\\\/\\\/imageskincare.ee\\\/#organization\"},\"potentialAction\":[{\"@type\":\"SearchAction\",\"target\":{\"@type\":\"EntryPoint\",\"urlTemplate\":\"https:\\\/\\\/imageskincare.ee\\\/?s={search_term_string}\"},\"query-input\":{\"@type\":\"PropertyValueSpecification\",\"valueRequired\":true,\"valueName\":\"search_term_string\"}}],\"inLanguage\":\"ru-RU\"},{\"@type\":\"Organization\",\"@id\":\"https:\\\/\\\/imageskincare.ee\\\/#organization\",\"name\":\"Image Skincare Eesti\",\"url\":\"https:\\\/\\\/imageskincare.ee\\\/\",\"logo\":{\"@type\":\"ImageObject\",\"inLanguage\":\"ru-RU\",\"@id\":\"https:\\\/\\\/imageskincare.ee\\\/#\\\/schema\\\/logo\\\/image\\\/\",\"url\":\"https:\\\/\\\/imageskincare.ee\\\/wp-content\\\/uploads\\\/2020\\\/10\\\/Image-Skincare-logo-500x3...png\",\"contentUrl\":\"https:\\\/\\\/imageskincare.ee\\\/wp-content\\\/uploads\\\/2020\\\/10\\\/Image-Skincare-logo-500x3...png\",\"width\":500,\"height\":386,\"caption\":\"Image Skincare Eesti\"},\"image\":{\"@id\":\"https:\\\/\\\/imageskincare.ee\\\/#\\\/schema\\\/logo\\\/image\\\/\"},\"sameAs\":[\"https:\\\/\\\/www.facebook.com\\\/imageskincareeesti\\\/\"]}]}<\/script>\n<!-- \/ Yoast SEO plugin. -->","yoast_head_json":{"title":"\u041c\u0430\u0441\u043a\u0438 \u0434\u043b\u044f \u0433\u043b\u0430\u0437 MD | Image Skincare Eesti - kosmeetikatooted","description":"Rahustavad, niisutavad ja pinguldavad MD silmamaskid, mis on loodud ennetama ja korrigeerima vananemise m\u00e4rke silma\u00fcmbruse \u00f5rnal nahal.","robots":{"index":"index","follow":"follow","max-snippet":"max-snippet:-1","max-image-preview":"max-image-preview:large","max-video-preview":"max-video-preview:-1"},"canonical":"https:\/\/imageskincare.ee\/ru\/product\/\u043c\u0430\u0441\u043a\u0438-\u0434\u043b\u044f-\u0433\u043b\u0430\u0437-md\/","og_locale":"ru_RU","og_type":"article","og_title":"\u041c\u0430\u0441\u043a\u0438 \u0434\u043b\u044f \u0433\u043b\u0430\u0437 MD | Image Skincare Eesti - kosmeetikatooted","og_description":"Rahustavad, niisutavad ja pinguldavad MD silmamaskid, mis on loodud ennetama ja korrigeerima vananemise m\u00e4rke silma\u00fcmbruse \u00f5rnal nahal.","og_url":"https:\/\/imageskincare.ee\/ru\/product\/\u043c\u0430\u0441\u043a\u0438-\u0434\u043b\u044f-\u0433\u043b\u0430\u0437-md\/","og_site_name":"Image Skincare Eesti - kosmeetikatooted","article_publisher":"https:\/\/www.facebook.com\/imageskincareeesti\/","article_modified_time":"2026-04-07T07:27:36+00:00","og_image":[{"width":1000,"height":1000,"url":"https:\/\/imageskincare.ee\/wp-content\/uploads\/2024\/11\/image-skincare-md-silmamaskid.jpg","type":"image\/jpeg"}],"twitter_card":"summary_large_image","twitter_misc":{"Est. reading time":"1 minute"},"schema":{"@context":"https:\/\/schema.org","@graph":[{"@type":"WebPage","@id":"https:\/\/imageskincare.ee\/ru\/product\/%d0%bc%d0%b0%d1%81%d0%ba%d0%b8-%d0%b4%d0%bb%d1%8f-%d0%b3%d0%bb%d0%b0%d0%b7-md\/","url":"https:\/\/imageskincare.ee\/ru\/product\/%d0%bc%d0%b0%d1%81%d0%ba%d0%b8-%d0%b4%d0%bb%d1%8f-%d0%b3%d0%bb%d0%b0%d0%b7-md\/","name":"\u041c\u0430\u0441\u043a\u0438 \u0434\u043b\u044f \u0433\u043b\u0430\u0437 MD | Image Skincare Eesti - kosmeetikatooted","isPartOf":{"@id":"https:\/\/imageskincare.ee\/#website"},"primaryImageOfPage":{"@id":"https:\/\/imageskincare.ee\/ru\/product\/%d0%bc%d0%b0%d1%81%d0%ba%d0%b8-%d0%b4%d0%bb%d1%8f-%d0%b3%d0%bb%d0%b0%d0%b7-md\/#primaryimage"},"image":{"@id":"https:\/\/imageskincare.ee\/ru\/product\/%d0%bc%d0%b0%d1%81%d0%ba%d0%b8-%d0%b4%d0%bb%d1%8f-%d0%b3%d0%bb%d0%b0%d0%b7-md\/#primaryimage"},"thumbnailUrl":"https:\/\/imageskincare.ee\/wp-content\/uploads\/2024\/11\/image-skincare-md-silmamaskid.jpg","datePublished":"2024-11-06T12:13:40+00:00","dateModified":"2026-04-07T07:27:36+00:00","description":"Rahustavad, niisutavad ja pinguldavad MD silmamaskid, mis on loodud ennetama ja korrigeerima vananemise m\u00e4rke silma\u00fcmbruse \u00f5rnal nahal.","breadcrumb":{"@id":"https:\/\/imageskincare.ee\/ru\/product\/%d0%bc%d0%b0%d1%81%d0%ba%d0%b8-%d0%b4%d0%bb%d1%8f-%d0%b3%d0%bb%d0%b0%d0%b7-md\/#breadcrumb"},"inLanguage":"ru-RU","potentialAction":[{"@type":"ReadAction","target":["https:\/\/imageskincare.ee\/ru\/product\/%d0%bc%d0%b0%d1%81%d0%ba%d0%b8-%d0%b4%d0%bb%d1%8f-%d0%b3%d0%bb%d0%b0%d0%b7-md\/"]}]},{"@type":"ImageObject","inLanguage":"ru-RU","@id":"https:\/\/imageskincare.ee\/ru\/product\/%d0%bc%d0%b0%d1%81%d0%ba%d0%b8-%d0%b4%d0%bb%d1%8f-%d0%b3%d0%bb%d0%b0%d0%b7-md\/#primaryimage","url":"https:\/\/imageskincare.ee\/wp-content\/uploads\/2024\/11\/image-skincare-md-silmamaskid.jpg","contentUrl":"https:\/\/imageskincare.ee\/wp-content\/uploads\/2024\/11\/image-skincare-md-silmamaskid.jpg","width":1000,"height":1000},{"@type":"BreadcrumbList","@id":"https:\/\/imageskincare.ee\/ru\/product\/%d0%bc%d0%b0%d1%81%d0%ba%d0%b8-%d0%b4%d0%bb%d1%8f-%d0%b3%d0%bb%d0%b0%d0%b7-md\/#breadcrumb","itemListElement":[{"@type":"ListItem","position":1,"name":"Home","item":"https:\/\/imageskincare.ee\/ru\/avaleht\/"},{"@type":"ListItem","position":2,"name":"\u041c\u0430\u0433\u0430\u0437\u0438\u043d","item":"https:\/\/imageskincare.ee\/ru\/shop\/"},{"@type":"ListItem","position":3,"name":"\u041c\u0430\u0441\u043a\u0438 \u0434\u043b\u044f \u0433\u043b\u0430\u0437 MD"}]},{"@type":"WebSite","@id":"https:\/\/imageskincare.ee\/#website","url":"https:\/\/imageskincare.ee\/","name":"Image Skincare Eesti - kosmeetikatooted","description":"N&auml;ohooldustooted igale nahat&uuml;&uuml;bile!","publisher":{"@id":"https:\/\/imageskincare.ee\/#organization"},"potentialAction":[{"@type":"SearchAction","target":{"@type":"EntryPoint","urlTemplate":"https:\/\/imageskincare.ee\/?s={search_term_string}"},"query-input":{"@type":"PropertyValueSpecification","valueRequired":true,"valueName":"search_term_string"}}],"inLanguage":"ru-RU"},{"@type":"Organization","@id":"https:\/\/imageskincare.ee\/#organization","name":"Image Skincare Eesti","url":"https:\/\/imageskincare.ee\/","logo":{"@type":"ImageObject","inLanguage":"ru-RU","@id":"https:\/\/imageskincare.ee\/#\/schema\/logo\/image\/","url":"https:\/\/imageskincare.ee\/wp-content\/uploads\/2020\/10\/Image-Skincare-logo-500x3...png","contentUrl":"https:\/\/imageskincare.ee\/wp-content\/uploads\/2020\/10\/Image-Skincare-logo-500x3...png","width":500,"height":386,"caption":"Image Skincare Eesti"},"image":{"@id":"https:\/\/imageskincare.ee\/#\/schema\/logo\/image\/"},"sameAs":["https:\/\/www.facebook.com\/imageskincareeesti\/"]}]}},"_links":{"self":[{"href":"https:\/\/imageskincare.ee\/ru\/wp-json\/wp\/v2\/product\/40733","targetHints":{"allow":["GET"]}}],"collection":[{"href":"https:\/\/imageskincare.ee\/ru\/wp-json\/wp\/v2\/product"}],"about":[{"href":"https:\/\/imageskincare.ee\/ru\/wp-json\/wp\/v2\/types\/product"}],"replies":[{"embeddable":true,"href":"https:\/\/imageskincare.ee\/ru\/wp-json\/wp\/v2\/comments?post=40733"}],"version-history":[{"count":1,"href":"https:\/\/imageskincare.ee\/ru\/wp-json\/wp\/v2\/product\/40733\/revisions"}],"predecessor-version":[{"id":40912,"href":"https:\/\/imageskincare.ee\/ru\/wp-json\/wp\/v2\/product\/40733\/revisions\/40912"}],"wp:featuredmedia":[{"embeddable":true,"href":"https:\/\/imageskincare.ee\/ru\/wp-json\/wp\/v2\/media\/40726"}],"wp:attachment":[{"href":"https:\/\/imageskincare.ee\/ru\/wp-json\/wp\/v2\/media?parent=40733"}],"wp:term":[{"taxonomy":"product_brand","embeddable":true,"href":"https:\/\/imageskincare.ee\/ru\/wp-json\/wp\/v2\/product_brand?post=40733"},{"taxonomy":"product_cat","embeddable":true,"href":"https:\/\/imageskincare.ee\/ru\/wp-json\/wp\/v2\/product_cat?post=40733"},{"taxonomy":"product_tag","embeddable":true,"href":"https:\/\/imageskincare.ee\/ru\/wp-json\/wp\/v2\/product_tag?post=40733"}],"curies":[{"name":"wp","href":"https:\/\/api.w.org\/{rel}","templated":true}]}}